{"id":4485,"date":"2021-12-28T14:53:00","date_gmt":"2021-12-28T13:53:00","guid":{"rendered":"https:\/\/lepetitgazon.com\/a-propos-du-petit-gazon\/"},"modified":"2025-08-28T23:09:05","modified_gmt":"2025-08-28T21:09:05","slug":"a-propos-du-petit-gazon","status":"publish","type":"page","link":"https:\/\/lepetitgazon.com\/fr\/a-propos-du-petit-gazon\/","title":{"rendered":"\u00c0 propos du Petit gazon"},"content":{"rendered":"\n<div class=\"wp-block-cover alignfull is-light is-style-default\" style=\"min-height:100vh;aspect-ratio:unset;\"><img data-recalc-dims=\"1\" loading=\"lazy\" decoding=\"async\" width=\"750\" height=\"1125\" class=\"wp-block-cover__image-background wp-image-745\" alt=\"\" src=\"https:\/\/i0.wp.com\/lepetitgazon.com\/wp-content\/uploads\/2022\/01\/ayurvedic-yoga-57.jpeg?resize=750%2C1125\" style=\"object-position:64% 51%\" data-object-fit=\"cover\" data-object-position=\"64% 51%\"\/><span aria-hidden=\"true\" class=\"wp-block-cover__background has-background-dim\"><\/span><div class=\"wp-block-cover__inner-container is-layout-flow wp-block-cover-is-layout-flow\"><div class=\"wp-block-image\">\n<figure class=\"aligncenter size-large is-resized\"><img data-recalc-dims=\"1\" loading=\"lazy\" decoding=\"async\" width=\"558\" height=\"558\" src=\"https:\/\/i0.wp.com\/lepetitgazon.com\/wp-content\/uploads\/2022\/01\/le-petit-gazon-icon.png?resize=558%2C558\" alt=\"\" class=\"wp-image-429\" style=\"width:279px;height:279px\"\/><\/figure>\n<\/div>\n\n\n<p class=\"has-text-align-left has-background-color has-text-color wp-block-paragraph\">Le terrain qu\u2019Elly de Laat a d\u00e9couvert et achet\u00e9 en 2011 \u00e9tait un lieu avec lequel elle s\u2019est imm\u00e9diatement sentie profond\u00e9ment li\u00e9e. Il est devenu l\u2019\u0153uvre de sa vie. <\/p>\n\n\n\n<p class=\"has-text-align-left has-background-color has-text-color has-link-color wp-elements-73f6f2e0373a16032ff00600c07e40f7 wp-block-paragraph\">C\u2019est un lieu simple et ressour\u00e7ant, nich\u00e9 dans les montagnes, au c\u0153ur des for\u00eats des Hautes Vosges, en France.<\/p>\n\n\n\n<p class=\"has-text-align-left has-background-color has-text-color wp-block-paragraph\">Un lieu inspirant aux possibilit\u00e9s infinies :<br\/>Un endroit o\u00f9 l\u2019on peut \u00eatre en plein air \u2014 pour s\u00e9journer, travailler et se reconnecter \u00e0 la nature.<br\/>Un lieu o\u00f9 l\u2019on peut grandir en rencontrant soi-m\u00eame et les autres.<br\/>Un lieu o\u00f9 l\u2019exploration du silence, de la cr\u00e9ativit\u00e9 et de l\u2019art est au c\u0153ur de tout.<\/p>\n<\/div><\/div>\n\n<div class=\"wp-block-cover alignfull is-light is-style-default mt-0\" style=\"margin-top:0;margin-bottom:0;padding-top:var(--wp--preset--spacing--70);min-height:100vh;aspect-ratio:unset;\"><img data-recalc-dims=\"1\" loading=\"lazy\" decoding=\"async\" width=\"750\" height=\"563\" class=\"wp-block-cover__image-background wp-image-626\" alt=\"\" src=\"https:\/\/i0.wp.com\/lepetitgazon.com\/wp-content\/uploads\/2022\/01\/local-activities-15.jpeg?resize=750%2C563\" style=\"object-position:64% 51%\" data-object-fit=\"cover\" data-object-position=\"64% 51%\"\/><span aria-hidden=\"true\" class=\"wp-block-cover__background has-background-dim\"><\/span><div class=\"wp-block-cover__inner-container is-layout-flow wp-block-cover-is-layout-flow\">\n<h2 class=\"wp-block-heading has-text-align-center has-background-color has-text-color\">Devenez membre<\/h2>\n\n\n\n<p class=\"has-text-align-center has-background-color has-text-color wp-block-paragraph\">Si vous \u00eates impliqu\u00e9 dans Le Petit Gazon et souhaitez le soutenir en devenant membre, nous serions reconnaissants de recevoir et d&rsquo;appr\u00e9cier cela. Voici les options suivantes : <\/p>\n\n\n\n<div class=\"wp-block-columns is-layout-flex wp-container-core-columns-is-layout-7387b849 wp-block-columns-is-layout-flex\">\n<div class=\"wp-block-column is-layout-flow wp-block-column-is-layout-flow\">\n<h3 class=\"wp-block-heading has-text-align-center has-background-color has-text-color\">Adh\u00e9sion standard<\/h3>\n\n\n\n<p class=\"has-text-align-center has-background-color has-text-color wp-block-paragraph\">Vous soutenez l&rsquo;association annuellement avec ce don et b\u00e9n\u00e9ficiez d&rsquo;une r\u00e9duction de 10 % par r\u00e9servation pendant l&rsquo;ann\u00e9e d&rsquo;adh\u00e9sion.<\/p>\n\n\n\n<p class=\"has-text-align-center has-background-color has-text-color wp-block-paragraph\">Vos id\u00e9es et votre voix sont importantes, vous avez acc\u00e8s aux statuts de l&rsquo;association et au bilan, et vous recevez la newsletter annuelle.<\/p>\n<\/div>\n\n\n\n<div class=\"wp-block-column is-layout-flow wp-block-column-is-layout-flow\">\n<h3 class=\"wp-block-heading has-text-align-center has-background-color has-text-color\">Bienfaiteur<\/h3>\n\n\n\n<p class=\"has-text-align-center has-background-color has-text-color wp-block-paragraph\">Vous soutenez l&rsquo;association annuellement avec ce don et b\u00e9n\u00e9ficiez des avantages de l&rsquo;adh\u00e9sion de base.<\/p>\n\n\n\n<p class=\"has-text-align-center has-background-color has-text-color wp-block-paragraph\">Plantez votre propre arbre, arbuste ou fleurs, ou cr\u00e9ez votre propre cr\u00e9ation. Laissez un h\u00e9ritage au Petit Gazon et cr\u00e9ez et personnalisez votre propre brique qui sera utilis\u00e9e dans le mur de la terrasse. <\/p>\n\n\n\n<p class=\"has-text-align-center has-background-color has-text-color wp-block-paragraph\">Vos propres id\u00e9es et contributions pour embellir l&rsquo;endroit sont chaleureusement les bienvenues.<\/p>\n<\/div>\n<\/div>\n\n\n\n<div class=\"wp-block-buttons is-content-justification-center is-layout-flex wp-container-core-buttons-is-layout-3e41869c wp-block-buttons-is-layout-flex\">\n<div class=\"wp-block-button is-style-outline is-style-outline--1\"><a class=\"wp-block-button__link has-background-color has-text-color has-background has-normal-font-size has-custom-font-size wp-element-button\" href=\"https:\/\/lepetitgazon.com\/fr\/contact\/\" style=\"background-color:#1b825c00\">Devenez membre<\/a><\/div>\n<\/div>\n<\/div><\/div>\n\n<div class=\"wp-block-cover alignfull is-light\" style=\"padding-top:var(--wp--preset--spacing--70);padding-bottom:var(--wp--preset--spacing--70);min-height:100vh;aspect-ratio:unset;\"><img data-recalc-dims=\"1\" loading=\"lazy\" decoding=\"async\" width=\"480\" height=\"625\" class=\"wp-block-cover__image-background wp-image-491\" alt=\"\" src=\"https:\/\/i0.wp.com\/lepetitgazon.com\/wp-content\/uploads\/2022\/01\/d5b1963a-a688-4ca6-9861-396f34fe1dc9-2-1.jpeg?resize=480%2C625\" style=\"object-position:66% 62%\" data-object-fit=\"cover\" data-object-position=\"66% 62%\"\/><span aria-hidden=\"true\" class=\"wp-block-cover__background has-background-dim\"><\/span><div class=\"wp-block-cover__inner-container is-layout-flow wp-block-cover-is-layout-flow\">\n<h2 class=\"wp-block-heading has-text-align-center has-background-color has-text-color\" id=\"about-me\">\u00c0 propos d&rsquo;Elly<\/h2>\n\n\n\n<p class=\"has-background-color has-text-color wp-block-paragraph\">Bien qu&rsquo;Elly soit la r\u00e9sidente permanente du lieu, de nombreuses personnes ont aid\u00e9 \u00e0 construire la propri\u00e9t\u00e9. <\/p>\n\n\n\n<p class=\"has-background-color has-text-color wp-block-paragraph\">C&rsquo;est pourquoi, fin 2016, il a \u00e9t\u00e9 d\u00e9cid\u00e9 de fonder Le Petit Gazon. Elly est la force motrice avec ses s\u0153urs et sa famille. Elle a grandi comme fille d&rsquo;agriculteur et a\u00een\u00e9e d&rsquo;une famille de six enfants. Elle a commenc\u00e9 sa carri\u00e8re avec une petite entreprise de jardinage biologique. Elle est ensuite devenue th\u00e9rapeute cr\u00e9ative et a exerc\u00e9 cette profession pendant vingt ans. Au fil du temps, elle s&rsquo;est d\u00e9velopp\u00e9e davantage en tant que th\u00e9rapeute relationnelle et familiale aux Pays-Bas.     <\/p>\n\n\n\n<p class=\"has-background-color has-text-color wp-block-paragraph\">Elle a d\u00e9m\u00e9nag\u00e9 en France en 2009 et a commenc\u00e9 \u00e0 travailler comme conseill\u00e8re pour les jeunes n\u00e9erlandais qui suivent un programme d&rsquo;\u00e9ducation sp\u00e9ciale. Depuis 2019, elle est \u00e9galement active comme nounou en Suisse. <\/p>\n\n\n\n<p class=\"has-background-color has-text-color has-link-color wp-elements-440c265e075e3fa168a6a3f1f5405b63 wp-block-paragraph\">\u00c0 l&rsquo;\u00e2ge de 64 ans, elle a ressenti le besoin de se rapprocher et de travailler plus directement avec les gens, et a \u00e9tudi\u00e9 \u00e0 l&rsquo;Institut ISSB de Zurich pour devenir Sexological Bodyworker. Vous pouvez en savoir plus sur ces offres sur <a href=\"https:\/\/bodytouch.org\/\" target=\"_blank\" rel=\"noreferrer noopener\">le site web de bodywork d&rsquo;Elly<\/a>. <\/p>\n\n\n\n<blockquote class=\"wp-block-quote is-layout-flow wp-block-quote-is-layout-flow\">\n<p class=\"has-background-color has-text-color wp-block-paragraph\"><em>\u00ab Pour moi, l&rsquo;association est un moyen de rencontrer les autres sur place et de leur faire partager le fait d&rsquo;\u00eatre ensemble dans la nature, dans la vie cr\u00e9ative qui nous habite et non l&rsquo;inverse. \u00bb<\/em><\/p>\n<\/blockquote>\n<\/div><\/div>\n\n<div class=\"wp-block-cover alignfull is-light is-style-bottom-wave\" style=\"min-height:100vh;aspect-ratio:unset;\"><img data-recalc-dims=\"1\" loading=\"lazy\" decoding=\"async\" width=\"750\" height=\"500\" class=\"wp-block-cover__image-background wp-image-747\" alt=\"\" src=\"https:\/\/i0.wp.com\/lepetitgazon.com\/wp-content\/uploads\/2022\/01\/ayurvedic-yoga-59.jpeg?resize=750%2C500\" style=\"object-position:50% 100%\" data-object-fit=\"cover\" data-object-position=\"50% 100%\"\/><span aria-hidden=\"true\" class=\"wp-block-cover__background has-background-dim\"><\/span><div class=\"wp-block-cover__inner-container is-layout-flow wp-block-cover-is-layout-flow\">\n<h2 class=\"wp-block-heading has-text-align-center has-background-color has-text-color\" id=\"reviews\">Avis<\/h2>\n\n\n\n<div class=\"wp-block-columns alignwide is-layout-flex wp-container-core-columns-is-layout-7387b849 wp-block-columns-is-layout-flex\">\n<div class=\"wp-block-column has-background-color has-text-color is-layout-flow wp-block-column-is-layout-flow\" style=\"flex-basis:33.34%\">\n<blockquote class=\"wp-block-quote is-layout-flow wp-block-quote-is-layout-flow\">\n<p class=\"wp-block-paragraph\"><em>\u00ab Parfait pour une retraite dans la for\u00eat le temps d&rsquo;un week-end. L&rsquo;endroit est tr\u00e8s calme et reposant. Elly m&rsquo;a accueilli tr\u00e8s chaleureusement. \u00bb<\/em><\/p>\n<\/blockquote>\n<\/div>\n\n\n\n<div class=\"wp-block-column has-background-color has-text-color is-layout-flow wp-block-column-is-layout-flow\" style=\"flex-basis:33.34%\">\n<blockquote class=\"wp-block-quote is-layout-flow wp-block-quote-is-layout-flow\">\n<p class=\"wp-block-paragraph\"><em>\u00ab Tr\u00e8s bel endroit calme, cabane tr\u00e8s cosy et confortable. J&rsquo;ai pass\u00e9 un excellent s\u00e9jour chez Elly, une h\u00f4te tr\u00e8s sympathique ! \u00bb<\/em><\/p>\n<\/blockquote>\n<\/div>\n\n\n\n<div class=\"wp-block-column has-background-color has-text-color is-layout-flow wp-block-column-is-layout-flow\" style=\"flex-basis:33.33%\">\n<blockquote class=\"wp-block-quote is-layout-flow wp-block-quote-is-layout-flow\">\n<p class=\"wp-block-paragraph\"><em>\u00ab Endroit parfait si vous recherchez la paix et la tranquillit\u00e9 ! \u00bb<\/em><\/p>\n<\/blockquote>\n<\/div>\n<\/div>\n<\/div><\/div>\n\n<div style=\"height:32px\" aria-hidden=\"true\" class=\"wp-block-spacer desktop-only\"><\/div>\n\n<h3 class=\"wp-block-heading has-text-align-center\" id=\"find-your-inner-self\">Trouvez votre moi int\u00e9rieur.<\/h3>\n\n<div style=\"height:32px\" aria-hidden=\"true\" class=\"wp-block-spacer desktop-only\"><\/div>\n","protected":false},"excerpt":{"rendered":"<p>Trouvez votre moi int\u00e9rieur.<\/p>\n","protected":false},"author":179528176,"featured_media":3995,"parent":0,"menu_order":0,"comment_status":"closed","ping_status":"closed","template":"","meta":{"_coblocks_attr":"","_coblocks_dimensions":"","_coblocks_responsive_height":"","_coblocks_accordion_ie_support":"","_crdt_document":"","advanced_seo_description":"","jetpack_seo_html_title":"","jetpack_seo_noindex":false,"footnotes":""},"class_list":["post-4485","page","type-page","status-publish","has-post-thumbnail","hentry","entry"],"jetpack_likes_enabled":true,"jetpack_sharing_enabled":true,"jetpack_shortlink":"https:\/\/wp.me\/PgCVq5-1al","jetpack-related-posts":[],"_links":{"self":[{"href":"https:\/\/lepetitgazon.com\/fr\/wp-json\/wp\/v2\/pages\/4485","targetHints":{"allow":["GET"]}}],"collection":[{"href":"https:\/\/lepetitgazon.com\/fr\/wp-json\/wp\/v2\/pages"}],"about":[{"href":"https:\/\/lepetitgazon.com\/fr\/wp-json\/wp\/v2\/types\/page"}],"author":[{"embeddable":true,"href":"https:\/\/lepetitgazon.com\/fr\/wp-json\/wp\/v2\/users\/179528176"}],"replies":[{"embeddable":true,"href":"https:\/\/lepetitgazon.com\/fr\/wp-json\/wp\/v2\/comments?post=4485"}],"version-history":[{"count":0,"href":"https:\/\/lepetitgazon.com\/fr\/wp-json\/wp\/v2\/pages\/4485\/revisions"}],"wp:featuredmedia":[{"embeddable":true,"href":"https:\/\/lepetitgazon.com\/fr\/wp-json\/wp\/v2\/media\/3995"}],"wp:attachment":[{"href":"https:\/\/lepetitgazon.com\/fr\/wp-json\/wp\/v2\/media?parent=4485"}],"curies":[{"name":"wp","href":"https:\/\/api.w.org\/{rel}","templated":true}]}}