{"id":4457,"date":"2021-12-28T14:53:01","date_gmt":"2021-12-28T13:53:01","guid":{"rendered":"https:\/\/lepetitgazon.com\/contactez-nous\/"},"modified":"2025-08-28T23:42:33","modified_gmt":"2025-08-28T21:42:33","slug":"contact","status":"publish","type":"page","link":"https:\/\/lepetitgazon.com\/fr\/contact\/","title":{"rendered":"Contact"},"content":{"rendered":"\n<h1 class=\"wp-block-heading has-text-align-center\">Contactez-nous<\/h1>\n\n<p class=\"has-text-align-center wp-block-paragraph\">Parlons-en. N&rsquo;h\u00e9sitez pas \u00e0 nous contacter en utilisant les coordonn\u00e9es ci-dessous, ou envoyez un message via le formulaire. <\/p>\n\n<div style=\"height:32px\" aria-hidden=\"true\" class=\"wp-block-spacer desktop-only\"><\/div>\n\n<div class=\"wp-block-columns alignwide has-2-columns is-layout-flex wp-container-core-columns-is-layout-7387b849 wp-block-columns-is-layout-flex\">\n<div class=\"wp-block-column is-layout-flow wp-block-column-is-layout-flow\">\n<h2 class=\"wp-block-heading has-text-align-left\" id=\"get-in-touch\">Prendre contact<\/h2>\n\n\n\n<ul class=\"wp-block-list is-style-default\">\n<li>bellelarte@gmail.com<\/li>\n\n\n\n<li>3, Route du Drumont<\/li>\n\n\n\n<li>88540 Bussang<\/li>\n\n\n\n<li>France<\/li>\n\n\n\n<li class=\"has-text-color has-link-color wp-elements-138ef123863e22299a672d2ef522c738\" style=\"color:#394d55\">+33 6 79 93 87 45<\/li>\n<\/ul>\n\n\n<div class=\"wp-block-image is-resized is-style-rounded\">\n<figure class=\"alignleft size-large\"><img data-recalc-dims=\"1\" loading=\"lazy\" decoding=\"async\" width=\"750\" height=\"965\" src=\"https:\/\/i0.wp.com\/lepetitgazon.com\/wp-content\/uploads\/2025\/06\/elly-de-laat-body-touch-portrait-1.jpg?resize=750%2C965&#038;ssl=1\" alt=\"\" class=\"wp-image-2455\" style=\"width:250px\" srcset=\"https:\/\/i0.wp.com\/lepetitgazon.com\/wp-content\/uploads\/2025\/06\/elly-de-laat-body-touch-portrait-1.jpg?resize=796%2C1024&amp;ssl=1 796w, https:\/\/i0.wp.com\/lepetitgazon.com\/wp-content\/uploads\/2025\/06\/elly-de-laat-body-touch-portrait-1.jpg?resize=233%2C300&amp;ssl=1 233w, https:\/\/i0.wp.com\/lepetitgazon.com\/wp-content\/uploads\/2025\/06\/elly-de-laat-body-touch-portrait-1.jpg?resize=768%2C987&amp;ssl=1 768w, https:\/\/i0.wp.com\/lepetitgazon.com\/wp-content\/uploads\/2025\/06\/elly-de-laat-body-touch-portrait-1.jpg?w=1050&amp;ssl=1 1050w\" sizes=\"auto, (max-width: 750px) 100vw, 750px\" \/><\/figure>\n<\/div><\/div>\n\n\n\n<div class=\"wp-block-column is-layout-flow wp-block-column-is-layout-flow\">\n<h2 class=\"wp-block-heading has-text-align-left\" id=\"check-availability\">V\u00e9rifier la disponibilit\u00e9<\/h2>\n\n\n<div class=\"wp-block-jetpack-contact-form wp-elements-7c27c3773eadb0e0dcd9bbecd6ed8450\"><a href=\"https:\/\/lepetitgazon.com\/fr\/contact\/\" target=\"_blank\" rel=\"noopener noreferrer\">Soumettre un formulaire.<\/a><\/div><\/div>\n<\/div>\n","protected":false},"excerpt":{"rendered":"<p>Contactez-nous Parlons-en. N&rsquo;h\u00e9sitez pas \u00e0 nous contacter en utilisant les coordonn\u00e9es ci-dessous, ou envoyez un message via le formulaire. Prendre contact V\u00e9rifier la disponibilit\u00e9<\/p>\n","protected":false},"author":216779671,"featured_media":2780,"parent":0,"menu_order":1,"comment_status":"closed","ping_status":"closed","template":"","meta":{"_coblocks_attr":"","_coblocks_dimensions":"","_coblocks_responsive_height":"","_coblocks_accordion_ie_support":"","_crdt_document":"","advanced_seo_description":"","jetpack_seo_html_title":"","jetpack_seo_noindex":false,"footnotes":""},"class_list":["post-4457","page","type-page","status-publish","has-post-thumbnail","hentry","entry"],"jetpack_likes_enabled":true,"jetpack_sharing_enabled":true,"jetpack_shortlink":"https:\/\/wp.me\/PgCVq5-19T","jetpack-related-posts":[],"_links":{"self":[{"href":"https:\/\/lepetitgazon.com\/fr\/wp-json\/wp\/v2\/pages\/4457","targetHints":{"allow":["GET"]}}],"collection":[{"href":"https:\/\/lepetitgazon.com\/fr\/wp-json\/wp\/v2\/pages"}],"about":[{"href":"https:\/\/lepetitgazon.com\/fr\/wp-json\/wp\/v2\/types\/page"}],"author":[{"embeddable":true,"href":"https:\/\/lepetitgazon.com\/fr\/wp-json\/wp\/v2\/users\/216779671"}],"replies":[{"embeddable":true,"href":"https:\/\/lepetitgazon.com\/fr\/wp-json\/wp\/v2\/comments?post=4457"}],"version-history":[{"count":0,"href":"https:\/\/lepetitgazon.com\/fr\/wp-json\/wp\/v2\/pages\/4457\/revisions"}],"wp:featuredmedia":[{"embeddable":true,"href":"https:\/\/lepetitgazon.com\/fr\/wp-json\/wp\/v2\/media\/2780"}],"wp:attachment":[{"href":"https:\/\/lepetitgazon.com\/fr\/wp-json\/wp\/v2\/media?parent=4457"}],"curies":[{"name":"wp","href":"https:\/\/api.w.org\/{rel}","templated":true}]}}