{"id":4481,"date":"2021-12-28T14:53:00","date_gmt":"2021-12-28T13:53:00","guid":{"rendered":"https:\/\/lepetitgazon.com\/ueber-le-petit-gazon\/"},"modified":"2025-08-12T21:17:35","modified_gmt":"2025-08-12T19:17:35","slug":"ueber-le-petit-gazon","status":"publish","type":"page","link":"https:\/\/lepetitgazon.com\/de\/ueber-le-petit-gazon\/","title":{"rendered":"\u00dcber Le Petit Gazon"},"content":{"rendered":"\n<div class=\"wp-block-cover alignfull is-light is-style-default\" style=\"min-height:100vh;aspect-ratio:unset;\"><img data-recalc-dims=\"1\" loading=\"lazy\" decoding=\"async\" width=\"750\" height=\"1125\" class=\"wp-block-cover__image-background wp-image-745\" alt=\"\" src=\"https:\/\/i0.wp.com\/lepetitgazon.com\/wp-content\/uploads\/2022\/01\/ayurvedic-yoga-57.jpeg?resize=750%2C1125\" style=\"object-position:64% 51%\" data-object-fit=\"cover\" data-object-position=\"64% 51%\"\/><span aria-hidden=\"true\" class=\"wp-block-cover__background has-background-dim\"><\/span><div class=\"wp-block-cover__inner-container is-layout-flow wp-block-cover-is-layout-flow\"><div class=\"wp-block-image\">\n<figure class=\"aligncenter size-large is-resized\"><img data-recalc-dims=\"1\" loading=\"lazy\" decoding=\"async\" width=\"558\" height=\"558\" src=\"https:\/\/i0.wp.com\/lepetitgazon.com\/wp-content\/uploads\/2022\/01\/le-petit-gazon-icon.png?resize=558%2C558\" alt=\"\" class=\"wp-image-429\" style=\"width:279px;height:279px\"\/><\/figure>\n<\/div>\n\n\n<p class=\"has-text-align-left has-background-color has-text-color wp-block-paragraph\">Das St\u00fcck Land, das Elly de Laat im Jahr 2011 fand und kaufte, war ein Ort, zu dem sie sofort eine tiefe Verbindung sp\u00fcrte. Es wurde zu ihrem Lebenswerk. <\/p>\n\n\n\n<p class=\"has-text-align-left has-background-color has-text-color has-link-color wp-elements-af02b821d66e3cb7c21df0794eae8bdb wp-block-paragraph\">Ein wundersch\u00f6ner, schlichter Ort in den Bergen, verborgen in den W\u00e4ldern der Hohen Vogesen in Frankreich.<\/p>\n\n\n\n<p class=\"has-text-align-left has-background-color has-text-color wp-block-paragraph\">Ein inspirierender Ort mit unz\u00e4hligen M\u00f6glichkeiten:<br\/>Ein Platz f\u00fcr Menschen, um drau\u00dfen zu sein \u2013 zum Verweilen, Arbeiten und zur Verbindung mit der Natur.<br\/>Ein Ort, an dem Menschen wachsen k\u00f6nnen, indem sie sich selbst und anderen begegnen.<br\/>Ein Ort, an dem die Erkundung von Stille, Kreativit\u00e4t und Kunst im Mittelpunkt steht.<\/p>\n<\/div><\/div>\n\n<div class=\"wp-block-cover alignfull is-light is-style-default mt-0\" style=\"margin-top:0;margin-bottom:0;padding-top:var(--wp--preset--spacing--70);min-height:100vh;aspect-ratio:unset;\"><img data-recalc-dims=\"1\" loading=\"lazy\" decoding=\"async\" width=\"750\" height=\"563\" class=\"wp-block-cover__image-background wp-image-626\" alt=\"\" src=\"https:\/\/i0.wp.com\/lepetitgazon.com\/wp-content\/uploads\/2022\/01\/local-activities-15.jpeg?resize=750%2C563\" style=\"object-position:64% 51%\" data-object-fit=\"cover\" data-object-position=\"64% 51%\"\/><span aria-hidden=\"true\" class=\"wp-block-cover__background has-background-dim\"><\/span><div class=\"wp-block-cover__inner-container is-layout-flow wp-block-cover-is-layout-flow\">\n<h2 class=\"wp-block-heading has-text-align-center has-background-color has-text-color\">Mitglied werden<\/h2>\n\n\n\n<p class=\"has-text-align-center has-background-color has-text-color wp-block-paragraph\">Wenn Sie sich bei Le Petit Gazon engagieren und es durch eine Mitgliedschaft unterst\u00fctzen m\u00f6chten, w\u00fcrden wir das dankbar annehmen und sch\u00e4tzen. Es gibt folgende Optionen: <\/p>\n\n\n\n<div class=\"wp-block-columns is-layout-flex wp-container-core-columns-is-layout-7387b849 wp-block-columns-is-layout-flex\">\n<div class=\"wp-block-column is-layout-flow wp-block-column-is-layout-flow\">\n<h3 class=\"wp-block-heading has-text-align-center has-background-color has-text-color\">Standard-Mitgliedschaft<\/h3>\n\n\n\n<p class=\"has-text-align-center has-background-color has-text-color wp-block-paragraph\">Sie unterst\u00fctzen den Verein j\u00e4hrlich mit dieser Spende und erhalten 10 % Rabatt pro Buchung w\u00e4hrend des Mitgliedschaftsjahres.<\/p>\n\n\n\n<p class=\"has-text-align-center has-background-color has-text-color wp-block-paragraph\">Ihre Ideen und Ihre Stimme sind wichtig, und Sie haben Zugang zu den Satzungen des Vereins und der Bilanz und erhalten den j\u00e4hrlichen Newsletter.<\/p>\n<\/div>\n\n\n\n<div class=\"wp-block-column is-layout-flow wp-block-column-is-layout-flow\">\n<h3 class=\"wp-block-heading has-text-align-center has-background-color has-text-color\">G\u00f6nner<\/h3>\n\n\n\n<p class=\"has-text-align-center has-background-color has-text-color wp-block-paragraph\">Sie unterst\u00fctzen den Verein j\u00e4hrlich mit dieser Spende und erhalten die Vorteile der Basis-Mitgliedschaft.<\/p>\n\n\n\n<p class=\"has-text-align-center has-background-color has-text-color wp-block-paragraph\">Pflanzen Sie Ihren eigenen Baum, Strauch oder Blumen, oder erschaffen Sie Ihr eigenes Werk. Hinterlassen Sie ein Verm\u00e4chtnis bei Le Petit Gazon und gestalten und personalisieren Sie Ihren ganz pers\u00f6nlichen Ziegelstein, der in der Terrassenmauer verwendet wird. <\/p>\n\n\n\n<p class=\"has-text-align-center has-background-color has-text-color wp-block-paragraph\">Eigene Ideen und Beitr\u00e4ge, um den Ort sch\u00f6ner zu gestalten, sind herzlich willkommen.<\/p>\n<\/div>\n<\/div>\n\n\n\n<div class=\"wp-block-buttons is-content-justification-center is-layout-flex wp-container-core-buttons-is-layout-3e41869c wp-block-buttons-is-layout-flex\">\n<div class=\"wp-block-button is-style-outline is-style-outline--1\"><a class=\"wp-block-button__link has-background-color has-text-color has-background has-normal-font-size has-custom-font-size wp-element-button\" href=\"https:\/\/lepetitgazon.com\/de\/kontakt\/\" style=\"background-color:#1b825c00\">Mitglied werden<\/a><\/div>\n<\/div>\n<\/div><\/div>\n\n<div class=\"wp-block-cover alignfull is-light\" style=\"padding-top:var(--wp--preset--spacing--70);padding-bottom:var(--wp--preset--spacing--70);min-height:100vh;aspect-ratio:unset;\"><img data-recalc-dims=\"1\" loading=\"lazy\" decoding=\"async\" width=\"480\" height=\"625\" class=\"wp-block-cover__image-background wp-image-491\" alt=\"\" src=\"https:\/\/i0.wp.com\/lepetitgazon.com\/wp-content\/uploads\/2022\/01\/d5b1963a-a688-4ca6-9861-396f34fe1dc9-2-1.jpeg?resize=480%2C625\" style=\"object-position:66% 62%\" data-object-fit=\"cover\" data-object-position=\"66% 62%\"\/><span aria-hidden=\"true\" class=\"wp-block-cover__background has-background-dim\"><\/span><div class=\"wp-block-cover__inner-container is-layout-flow wp-block-cover-is-layout-flow\">\n<h2 class=\"wp-block-heading has-text-align-center has-background-color has-text-color\" id=\"about-me\">\u00dcber mich<\/h2>\n\n\n\n<p class=\"has-background-color has-text-color wp-block-paragraph\">Obwohl Elly die st\u00e4ndige Bewohnerin des Ortes ist, haben viele Menschen geholfen, das Anwesen aufzubauen. <\/p>\n\n\n\n<p class=\"has-background-color has-text-color wp-block-paragraph\">Daher wurde Ende 2016 beschlossen, Le Petit Gazon zu gr\u00fcnden. Elly ist die treibende Kraft zusammen mit ihren Schwestern und ihrer Familie. Sie wuchs als Bauerntochter und \u00e4lteste von sechs Geschwistern auf. Sie begann ihre Karriere mit einem kleinen Unternehmen als Bio-G\u00e4rtnerin. Sp\u00e4ter wurde sie Kreativtherapeutin und arbeitete zwanzig Jahre in diesem Beruf. Im Laufe der Zeit entwickelte sie sich in den Niederlanden weiter zur Beziehungs- und Familientherapeutin.     <\/p>\n\n\n\n<p class=\"has-background-color has-text-color wp-block-paragraph\">Sie zog 2009 nach Frankreich und begann als Beraterin f\u00fcr niederl\u00e4ndische Jugendliche zu arbeiten, die ein spezielles Bildungsprogramm absolvieren. Seit 2019 ist sie auch als Nanny in der Schweiz t\u00e4tig. <\/p>\n\n\n\n<p class=\"has-background-color has-text-color has-link-color wp-elements-930e42f788c185a2ab9b8d8f21ea235c wp-block-paragraph\">Im Alter von 64 Jahren versp\u00fcrte sie das Bed\u00fcrfnis, sich enger mit Menschen zu verbinden und direkter mit ihnen zu arbeiten, und studierte am ISSB Institute in Z\u00fcrich, um Sexological Bodyworker zu werden. Mehr \u00fcber diese Angebote k\u00f6nnen Sie auf <a href=\"https:\/\/bodytouch.org\/\" target=\"_blank\" rel=\"noreferrer noopener\">Ellys Bodywork-Website<\/a> lesen. <\/p>\n\n\n\n<blockquote class=\"wp-block-quote is-layout-flow wp-block-quote-is-layout-flow\">\n<p class=\"has-background-color has-text-color wp-block-paragraph\"><em>\u201eF\u00fcr mich ist der Verein eine M\u00f6glichkeit, andere vor Ort zu treffen und sie am Zusammensein in der Natur teilhaben zu lassen, am kreativen Leben, das uns lebt und nicht umgekehrt.\u201c<\/em><\/p>\n<\/blockquote>\n<\/div><\/div>\n\n<div class=\"wp-block-cover alignfull is-light is-style-bottom-wave\" style=\"min-height:100vh;aspect-ratio:unset;\"><img data-recalc-dims=\"1\" loading=\"lazy\" decoding=\"async\" width=\"750\" height=\"500\" class=\"wp-block-cover__image-background wp-image-747\" alt=\"\" src=\"https:\/\/i0.wp.com\/lepetitgazon.com\/wp-content\/uploads\/2022\/01\/ayurvedic-yoga-59.jpeg?resize=750%2C500\" style=\"object-position:50% 100%\" data-object-fit=\"cover\" data-object-position=\"50% 100%\"\/><span aria-hidden=\"true\" class=\"wp-block-cover__background has-background-dim\"><\/span><div class=\"wp-block-cover__inner-container is-layout-flow wp-block-cover-is-layout-flow\">\n<h2 class=\"wp-block-heading has-text-align-center has-background-color has-text-color\" id=\"reviews\">Bewertungen<\/h2>\n\n\n\n<div class=\"wp-block-columns alignwide is-layout-flex wp-container-core-columns-is-layout-7387b849 wp-block-columns-is-layout-flex\">\n<div class=\"wp-block-column has-background-color has-text-color is-layout-flow wp-block-column-is-layout-flow\" style=\"flex-basis:33.34%\">\n<blockquote class=\"wp-block-quote is-layout-flow wp-block-quote-is-layout-flow\">\n<p class=\"wp-block-paragraph\"><em>\u201eGro\u00dfartig f\u00fcr einen Wochenend-Retreat im Wald. Der Ort ist sehr ruhig und entspannend. Elly hat mich sehr herzlich empfangen.\u201c<\/em><\/p>\n<\/blockquote>\n<\/div>\n\n\n\n<div class=\"wp-block-column has-background-color has-text-color is-layout-flow wp-block-column-is-layout-flow\" style=\"flex-basis:33.34%\">\n<blockquote class=\"wp-block-quote is-layout-flow wp-block-quote-is-layout-flow\">\n<p class=\"wp-block-paragraph\"><em>\u201eSehr sch\u00f6ner und ruhiger Ort, sehr gem\u00fctliche und komfortable H\u00fctte. Ich hatte einen gro\u00dfartigen Aufenthalt bei Elly, einer sehr freundlichen Gastgeberin!\u201c<\/em><\/p>\n<\/blockquote>\n<\/div>\n\n\n\n<div class=\"wp-block-column has-background-color has-text-color is-layout-flow wp-block-column-is-layout-flow\" style=\"flex-basis:33.33%\">\n<blockquote class=\"wp-block-quote is-layout-flow wp-block-quote-is-layout-flow\">\n<p class=\"wp-block-paragraph\"><em>\u201ePerfekter Ort, wenn Sie Ruhe und Frieden suchen!\u201c<\/em><\/p>\n<\/blockquote>\n<\/div>\n<\/div>\n<\/div><\/div>\n\n<div style=\"height:32px\" aria-hidden=\"true\" class=\"wp-block-spacer desktop-only\"><\/div>\n\n<h3 class=\"wp-block-heading has-text-align-center\" id=\"find-your-inner-self\">Finden Sie Ihr inneres Selbst.<\/h3>\n\n<div style=\"height:32px\" aria-hidden=\"true\" class=\"wp-block-spacer desktop-only\"><\/div>\n","protected":false},"excerpt":{"rendered":"<p>Finden Sie Ihr inneres Selbst.<\/p>\n","protected":false},"author":179528176,"featured_media":3996,"parent":0,"menu_order":0,"comment_status":"closed","ping_status":"closed","template":"","meta":{"_coblocks_attr":"","_coblocks_dimensions":"","_coblocks_responsive_height":"","_coblocks_accordion_ie_support":"","_crdt_document":"","advanced_seo_description":"","jetpack_seo_html_title":"","jetpack_seo_noindex":false,"jetpack_post_was_ever_published":false,"footnotes":""},"class_list":["post-4481","page","type-page","status-publish","has-post-thumbnail","hentry","entry"],"jetpack_likes_enabled":true,"jetpack_sharing_enabled":true,"jetpack_shortlink":"https:\/\/wp.me\/PgCVq5-1ah","jetpack-related-posts":[],"_links":{"self":[{"href":"https:\/\/lepetitgazon.com\/de\/wp-json\/wp\/v2\/pages\/4481","targetHints":{"allow":["GET"]}}],"collection":[{"href":"https:\/\/lepetitgazon.com\/de\/wp-json\/wp\/v2\/pages"}],"about":[{"href":"https:\/\/lepetitgazon.com\/de\/wp-json\/wp\/v2\/types\/page"}],"author":[{"embeddable":true,"href":"https:\/\/lepetitgazon.com\/de\/wp-json\/wp\/v2\/users\/179528176"}],"replies":[{"embeddable":true,"href":"https:\/\/lepetitgazon.com\/de\/wp-json\/wp\/v2\/comments?post=4481"}],"version-history":[{"count":0,"href":"https:\/\/lepetitgazon.com\/de\/wp-json\/wp\/v2\/pages\/4481\/revisions"}],"wp:featuredmedia":[{"embeddable":true,"href":"https:\/\/lepetitgazon.com\/de\/wp-json\/wp\/v2\/media\/3996"}],"wp:attachment":[{"href":"https:\/\/lepetitgazon.com\/de\/wp-json\/wp\/v2\/media?parent=4481"}],"curies":[{"name":"wp","href":"https:\/\/api.w.org\/{rel}","templated":true}]}}